{"id":1910,"date":"2025-10-24T08:29:08","date_gmt":"2025-10-24T08:29:08","guid":{"rendered":"https:\/\/www.ursu9.es\/news\/?page_id=1910"},"modified":"2025-11-03T09:14:50","modified_gmt":"2025-11-03T09:14:50","slug":"ursu-mozambique","status":"publish","type":"page","link":"https:\/\/www.ursu9.es\/news\/pt\/ursu-mozambique\/","title":{"rendered":"URSU Mozambique"},"content":{"rendered":"\t\t<div data-elementor-type=\"wp-page\" data-elementor-id=\"1910\" class=\"elementor elementor-1910\">\n\t\t\t\t<div class=\"elementor-element elementor-element-3b11825 e-con-full elementor-hidden-mobile e-flex e-con e-parent\" data-id=\"3b11825\" data-element_type=\"container\">\n\t\t\t\t<div class=\"elementor-element elementor-element-f4cacb8 elementor-widget elementor-widget-image\" data-id=\"f4cacb8\" data-element_type=\"widget\" data-widget_type=\"image.default\">\n\t\t\t\t<div class=\"elementor-widget-container\">\n\t\t\t\t\t\t\t\t\t\t\t\t\t\t\t<img fetchpriority=\"high\" decoding=\"async\" width=\"1920\" height=\"1080\" src=\"https:\/\/www.ursu9.es\/news\/wp-content\/uploads\/2025\/11\/Ursu9-em-Mocambique.jpg\" class=\"attachment-full size-full wp-image-1966\" alt=\"Ursu9 em Mo\u00e7ambique\" srcset=\"https:\/\/www.ursu9.es\/news\/wp-content\/uploads\/2025\/11\/Ursu9-em-Mocambique.jpg 1920w, https:\/\/www.ursu9.es\/news\/wp-content\/uploads\/2025\/11\/Ursu9-em-Mocambique-300x169.jpg 300w, https:\/\/www.ursu9.es\/news\/wp-content\/uploads\/2025\/11\/Ursu9-em-Mocambique-1024x576.jpg 1024w, https:\/\/www.ursu9.es\/news\/wp-content\/uploads\/2025\/11\/Ursu9-em-Mocambique-768x432.jpg 768w, https:\/\/www.ursu9.es\/news\/wp-content\/uploads\/2025\/11\/Ursu9-em-Mocambique-1536x864.jpg 1536w\" sizes=\"(max-width: 1920px) 100vw, 1920px\" \/>\t\t\t\t\t\t\t\t\t\t\t\t\t\t\t<\/div>\n\t\t\t\t<\/div>\n\t\t\t\t<\/div>\n\t\t<div class=\"elementor-element elementor-element-49f9bbe e-con-full elementor-hidden-desktop elementor-hidden-tablet e-flex e-con e-parent\" data-id=\"49f9bbe\" data-element_type=\"container\">\n\t\t\t\t<div class=\"elementor-element elementor-element-75f352e elementor-widget elementor-widget-image\" data-id=\"75f352e\" data-element_type=\"widget\" data-widget_type=\"image.default\">\n\t\t\t\t<div class=\"elementor-widget-container\">\n\t\t\t\t\t\t\t\t\t\t\t\t\t\t\t<img decoding=\"async\" width=\"1080\" height=\"1920\" src=\"https:\/\/www.ursu9.es\/news\/wp-content\/uploads\/2025\/11\/Ursu9-em-Mocambique-mobile.jpg\" class=\"attachment-full size-full wp-image-1967\" alt=\"Ursu9 em Mo\u00e7ambique\" srcset=\"https:\/\/www.ursu9.es\/news\/wp-content\/uploads\/2025\/11\/Ursu9-em-Mocambique-mobile.jpg 1080w, https:\/\/www.ursu9.es\/news\/wp-content\/uploads\/2025\/11\/Ursu9-em-Mocambique-mobile-169x300.jpg 169w, https:\/\/www.ursu9.es\/news\/wp-content\/uploads\/2025\/11\/Ursu9-em-Mocambique-mobile-576x1024.jpg 576w, https:\/\/www.ursu9.es\/news\/wp-content\/uploads\/2025\/11\/Ursu9-em-Mocambique-mobile-768x1365.jpg 768w, https:\/\/www.ursu9.es\/news\/wp-content\/uploads\/2025\/11\/Ursu9-em-Mocambique-mobile-864x1536.jpg 864w\" sizes=\"(max-width: 1080px) 100vw, 1080px\" \/>\t\t\t\t\t\t\t\t\t\t\t\t\t\t\t<\/div>\n\t\t\t\t<\/div>\n\t\t\t\t<\/div>\n\t\t<div class=\"elementor-element elementor-element-2072c1b e-flex e-con-boxed e-con e-parent\" data-id=\"2072c1b\" data-element_type=\"container\" data-settings=\"{&quot;background_background&quot;:&quot;classic&quot;}\">\n\t\t\t\t\t<div class=\"e-con-inner\">\n\t\t<div class=\"elementor-element elementor-element-725cc9a e-con-full e-flex e-con e-child\" data-id=\"725cc9a\" data-element_type=\"container\">\n\t\t\t\t<div class=\"elementor-element elementor-element-67dc766 elementor-widget elementor-widget-heading\" data-id=\"67dc766\" data-element_type=\"widget\" data-widget_type=\"heading.default\">\n\t\t\t\t<div class=\"elementor-widget-container\">\n\t\t\t\t\t<h1 class=\"elementor-heading-title elementor-size-default\">Informa\u00e7\u00f5es do Distribuidor:<\/h1>\t\t\t\t<\/div>\n\t\t\t\t<\/div>\n\t\t\t\t<div class=\"elementor-element elementor-element-b49de34 elementor-widget elementor-widget-heading\" data-id=\"b49de34\" data-element_type=\"widget\" data-widget_type=\"heading.default\">\n\t\t\t\t<div class=\"elementor-widget-container\">\n\t\t\t\t\t<h2 class=\"elementor-heading-title elementor-size-default\">HMS DISTRIBUIDORES<\/h2>\t\t\t\t<\/div>\n\t\t\t\t<\/div>\n\t\t\t\t<\/div>\n\t\t<div class=\"elementor-element elementor-element-24d0726 e-con-full e-flex e-con e-child\" data-id=\"24d0726\" data-element_type=\"container\">\n\t\t\t\t<div class=\"elementor-element elementor-element-d577eca elementor-widget elementor-widget-text-editor\" data-id=\"d577eca\" data-element_type=\"widget\" data-widget_type=\"text-editor.default\">\n\t\t\t\t<div class=\"elementor-widget-container\">\n\t\t\t\t\t\t\t\t\t<div><div class=\"x_gmail_default\"><strong>Contacte-nos<\/strong> em <span style=\"color: #ffffff;\"><a style=\"color: #ffffff;\" href=\"http:\/\/hms.co.mz\" target=\"_blank\" rel=\"noopener\">hms.co.mz<\/a><\/span><\/div><\/div>\t\t\t\t\t\t\t\t<\/div>\n\t\t\t\t<\/div>\n\t\t\t\t<div class=\"elementor-element elementor-element-7415150 elementor-widget elementor-widget-heading\" data-id=\"7415150\" data-element_type=\"widget\" data-widget_type=\"heading.default\">\n\t\t\t\t<div class=\"elementor-widget-container\">\n\t\t\t\t\t<h2 class=\"elementor-heading-title elementor-size-default\"><strong>Morada:<\/strong> Av. Rom\u00e3o Fernandes Farinha. N\u00ba 342 - R\/C, Maputo, Mozambique<\/h2>\t\t\t\t<\/div>\n\t\t\t\t<\/div>\n\t\t\t\t<\/div>\n\t\t<div class=\"elementor-element elementor-element-49a84dd e-con-full e-flex e-con e-child\" data-id=\"49a84dd\" data-element_type=\"container\">\n\t\t\t\t<div class=\"elementor-element elementor-element-d0479dd elementor-widget elementor-widget-text-editor\" data-id=\"d0479dd\" data-element_type=\"widget\" data-widget_type=\"text-editor.default\">\n\t\t\t\t<div class=\"elementor-widget-container\">\n\t\t\t\t\t\t\t\t\t<p><strong>Tel:<\/strong><br \/><span style=\"color: #ffffff;\">+258849833008<\/span><\/p>\t\t\t\t\t\t\t\t<\/div>\n\t\t\t\t<\/div>\n\t\t\t\t<\/div>\n\t\t<div class=\"elementor-element elementor-element-9a40e20 e-con-full e-flex e-con e-child\" data-id=\"9a40e20\" data-element_type=\"container\">\n\t\t\t\t<div class=\"elementor-element elementor-element-a5ee9dd elementor-widget elementor-widget-text-editor\" data-id=\"a5ee9dd\" data-element_type=\"widget\" data-widget_type=\"text-editor.default\">\n\t\t\t\t<div class=\"elementor-widget-container\">\n\t\t\t\t\t\t\t\t\t<p><strong>Email:<\/strong><br \/><span style=\"color: #ffffff;\"><a style=\"color: #ffffff;\" href=\"mailto:geral@hms.co.mz \">geral@hms.co.mz \u00a0<\/a><\/span><br \/><span style=\"color: #ffffff;\"><a style=\"color: #ffffff;\" href=\"mailto:vendas@hms.co.mz \">vendas@hms.co.mz \u00a0<\/a><\/span><\/p>\t\t\t\t\t\t\t\t<\/div>\n\t\t\t\t<\/div>\n\t\t\t\t<\/div>\n\t\t<div class=\"elementor-element elementor-element-ddba83c e-con-full e-flex e-con e-child\" data-id=\"ddba83c\" data-element_type=\"container\">\n\t\t\t\t<div class=\"elementor-element elementor-element-f5bc571 elementor-align-center elementor-widget elementor-widget-button\" data-id=\"f5bc571\" data-element_type=\"widget\" data-widget_type=\"button.default\">\n\t\t\t\t<div class=\"elementor-widget-container\">\n\t\t\t\t\t\t\t\t\t<div class=\"elementor-button-wrapper\">\n\t\t\t\t\t<a class=\"elementor-button elementor-button-link elementor-size-sm\" href=\"https:\/\/ursu9.es\/pt\/#contacts\" target=\"_blank\">\n\t\t\t\t\t\t<span class=\"elementor-button-content-wrapper\">\n\t\t\t\t\t\t\t\t\t<span class=\"elementor-button-text\">Conectar-se com URSU Internacional<\/span>\n\t\t\t\t\t<\/span>\n\t\t\t\t\t<\/a>\n\t\t\t\t<\/div>\n\t\t\t\t\t\t\t\t<\/div>\n\t\t\t\t<\/div>\n\t\t\t\t<\/div>\n\t\t\t\t\t<\/div>\n\t\t\t\t<\/div>\n\t\t\t\t<\/div>\n\t\t","protected":false},"excerpt":{"rendered":"<p>Informa\u00e7\u00f5es do Distribuidor: HMS DISTRIBUIDORES Contacte-nos em hms.co.mz Morada: Av. Rom\u00e3o Fernandes Farinha. N\u00ba 342 &#8211; R\/C, Maputo, Mozambique Tel:+258849833008 Email:geral@hms.co.mz \u00a0vendas@hms.co.mz \u00a0 Conectar-se com URSU Internacional<\/p>\n","protected":false},"author":2,"featured_media":1971,"parent":0,"menu_order":0,"comment_status":"closed","ping_status":"closed","template":"landing-ursu","meta":{"footnotes":""},"class_list":["post-1910","page","type-page","status-publish","has-post-thumbnail","hentry"],"yoast_head":"<!-- This site is optimized with the Yoast SEO plugin v24.4 - https:\/\/yoast.com\/wordpress\/plugins\/seo\/ -->\n<title>URSU Mozambique - URSU - Agua mineral natural - pH9 alcalina y antioxidante<\/title>\n<meta name=\"description\" content=\"URSU9 est\u00e1 agora em Mo\u00e7ambique! \u00c1gua mineral naturalmente alcalina com pH9, agora dispon\u00edvel em lojas em todo o pa\u00eds.\" \/>\n<meta name=\"robots\" content=\"index, follow, max-snippet:-1, max-image-preview:large, max-video-preview:-1\" \/>\n<link rel=\"canonical\" href=\"https:\/\/www.ursu9.es\/news\/pt\/ursu-mozambique\/\" \/>\n<meta property=\"og:locale\" content=\"en_US\" \/>\n<meta property=\"og:type\" content=\"article\" \/>\n<meta property=\"og:title\" content=\"URSU Mozambique - URSU - Agua mineral natural - pH9 alcalina y antioxidante\" \/>\n<meta property=\"og:description\" content=\"URSU9 est\u00e1 agora em Mo\u00e7ambique! \u00c1gua mineral naturalmente alcalina com pH9, agora dispon\u00edvel em lojas em todo o pa\u00eds.\" \/>\n<meta property=\"og:url\" content=\"https:\/\/www.ursu9.es\/news\/pt\/ursu-mozambique\/\" \/>\n<meta property=\"og:site_name\" content=\"URSU - Agua mineral natural - pH9 alcalina y antioxidante\" \/>\n<meta property=\"article:modified_time\" content=\"2025-11-03T09:14:50+00:00\" \/>\n<meta property=\"og:image\" content=\"https:\/\/www.ursu9.es\/news\/wp-content\/uploads\/2025\/11\/Ursu9-em-Mocambique-destaque.jpg\" \/>\n\t<meta property=\"og:image:width\" content=\"1631\" \/>\n\t<meta property=\"og:image:height\" content=\"1631\" \/>\n\t<meta property=\"og:image:type\" content=\"image\/jpeg\" \/>\n<meta name=\"twitter:card\" content=\"summary_large_image\" \/>\n<meta name=\"twitter:label1\" content=\"Est. reading time\" \/>\n\t<meta name=\"twitter:data1\" content=\"1 minute\" \/>\n<script type=\"application\/ld+json\" class=\"yoast-schema-graph\">{\"@context\":\"https:\/\/schema.org\",\"@graph\":[{\"@type\":\"WebPage\",\"@id\":\"https:\/\/www.ursu9.es\/news\/pt\/ursu-mozambique\/\",\"url\":\"https:\/\/www.ursu9.es\/news\/pt\/ursu-mozambique\/\",\"name\":\"URSU Mozambique - URSU - Agua mineral natural - pH9 alcalina y antioxidante\",\"isPartOf\":{\"@id\":\"https:\/\/www.ursu9.es\/news\/#website\"},\"primaryImageOfPage\":{\"@id\":\"https:\/\/www.ursu9.es\/news\/pt\/ursu-mozambique\/#primaryimage\"},\"image\":{\"@id\":\"https:\/\/www.ursu9.es\/news\/pt\/ursu-mozambique\/#primaryimage\"},\"thumbnailUrl\":\"https:\/\/www.ursu9.es\/news\/wp-content\/uploads\/2025\/11\/Ursu9-em-Mocambique-destaque.jpg\",\"datePublished\":\"2025-10-24T08:29:08+00:00\",\"dateModified\":\"2025-11-03T09:14:50+00:00\",\"description\":\"URSU9 est\u00e1 agora em Mo\u00e7ambique! \u00c1gua mineral naturalmente alcalina com pH9, agora dispon\u00edvel em lojas em todo o pa\u00eds.\",\"breadcrumb\":{\"@id\":\"https:\/\/www.ursu9.es\/news\/pt\/ursu-mozambique\/#breadcrumb\"},\"inLanguage\":\"en-US\",\"potentialAction\":[{\"@type\":\"ReadAction\",\"target\":[\"https:\/\/www.ursu9.es\/news\/pt\/ursu-mozambique\/\"]}]},{\"@type\":\"ImageObject\",\"inLanguage\":\"en-US\",\"@id\":\"https:\/\/www.ursu9.es\/news\/pt\/ursu-mozambique\/#primaryimage\",\"url\":\"https:\/\/www.ursu9.es\/news\/wp-content\/uploads\/2025\/11\/Ursu9-em-Mocambique-destaque.jpg\",\"contentUrl\":\"https:\/\/www.ursu9.es\/news\/wp-content\/uploads\/2025\/11\/Ursu9-em-Mocambique-destaque.jpg\",\"width\":1631,\"height\":1631,\"caption\":\"Ursu9 em Mo\u00e7ambique\"},{\"@type\":\"BreadcrumbList\",\"@id\":\"https:\/\/www.ursu9.es\/news\/pt\/ursu-mozambique\/#breadcrumb\",\"itemListElement\":[{\"@type\":\"ListItem\",\"position\":1,\"name\":\"Home\",\"item\":\"https:\/\/www.ursu9.es\/news\/\"},{\"@type\":\"ListItem\",\"position\":2,\"name\":\"URSU Mozambique\"}]},{\"@type\":\"WebSite\",\"@id\":\"https:\/\/www.ursu9.es\/news\/#website\",\"url\":\"https:\/\/www.ursu9.es\/news\/\",\"name\":\"URSU - Agua mineral natural - pH9 alcalina y antioxidante\",\"description\":\"\",\"potentialAction\":[{\"@type\":\"SearchAction\",\"target\":{\"@type\":\"EntryPoint\",\"urlTemplate\":\"https:\/\/www.ursu9.es\/news\/?s={search_term_string}\"},\"query-input\":{\"@type\":\"PropertyValueSpecification\",\"valueRequired\":true,\"valueName\":\"search_term_string\"}}],\"inLanguage\":\"en-US\"}]}<\/script>\n<!-- \/ Yoast SEO plugin. -->","yoast_head_json":{"title":"URSU Mozambique - URSU - Agua mineral natural - pH9 alcalina y antioxidante","description":"URSU9 est\u00e1 agora em Mo\u00e7ambique! \u00c1gua mineral naturalmente alcalina com pH9, agora dispon\u00edvel em lojas em todo o pa\u00eds.","robots":{"index":"index","follow":"follow","max-snippet":"max-snippet:-1","max-image-preview":"max-image-preview:large","max-video-preview":"max-video-preview:-1"},"canonical":"https:\/\/www.ursu9.es\/news\/pt\/ursu-mozambique\/","og_locale":"en_US","og_type":"article","og_title":"URSU Mozambique - URSU - Agua mineral natural - pH9 alcalina y antioxidante","og_description":"URSU9 est\u00e1 agora em Mo\u00e7ambique! \u00c1gua mineral naturalmente alcalina com pH9, agora dispon\u00edvel em lojas em todo o pa\u00eds.","og_url":"https:\/\/www.ursu9.es\/news\/pt\/ursu-mozambique\/","og_site_name":"URSU - Agua mineral natural - pH9 alcalina y antioxidante","article_modified_time":"2025-11-03T09:14:50+00:00","og_image":[{"width":1631,"height":1631,"url":"https:\/\/www.ursu9.es\/news\/wp-content\/uploads\/2025\/11\/Ursu9-em-Mocambique-destaque.jpg","type":"image\/jpeg"}],"twitter_card":"summary_large_image","twitter_misc":{"Est. reading time":"1 minute"},"schema":{"@context":"https:\/\/schema.org","@graph":[{"@type":"WebPage","@id":"https:\/\/www.ursu9.es\/news\/pt\/ursu-mozambique\/","url":"https:\/\/www.ursu9.es\/news\/pt\/ursu-mozambique\/","name":"URSU Mozambique - URSU - Agua mineral natural - pH9 alcalina y antioxidante","isPartOf":{"@id":"https:\/\/www.ursu9.es\/news\/#website"},"primaryImageOfPage":{"@id":"https:\/\/www.ursu9.es\/news\/pt\/ursu-mozambique\/#primaryimage"},"image":{"@id":"https:\/\/www.ursu9.es\/news\/pt\/ursu-mozambique\/#primaryimage"},"thumbnailUrl":"https:\/\/www.ursu9.es\/news\/wp-content\/uploads\/2025\/11\/Ursu9-em-Mocambique-destaque.jpg","datePublished":"2025-10-24T08:29:08+00:00","dateModified":"2025-11-03T09:14:50+00:00","description":"URSU9 est\u00e1 agora em Mo\u00e7ambique! \u00c1gua mineral naturalmente alcalina com pH9, agora dispon\u00edvel em lojas em todo o pa\u00eds.","breadcrumb":{"@id":"https:\/\/www.ursu9.es\/news\/pt\/ursu-mozambique\/#breadcrumb"},"inLanguage":"en-US","potentialAction":[{"@type":"ReadAction","target":["https:\/\/www.ursu9.es\/news\/pt\/ursu-mozambique\/"]}]},{"@type":"ImageObject","inLanguage":"en-US","@id":"https:\/\/www.ursu9.es\/news\/pt\/ursu-mozambique\/#primaryimage","url":"https:\/\/www.ursu9.es\/news\/wp-content\/uploads\/2025\/11\/Ursu9-em-Mocambique-destaque.jpg","contentUrl":"https:\/\/www.ursu9.es\/news\/wp-content\/uploads\/2025\/11\/Ursu9-em-Mocambique-destaque.jpg","width":1631,"height":1631,"caption":"Ursu9 em Mo\u00e7ambique"},{"@type":"BreadcrumbList","@id":"https:\/\/www.ursu9.es\/news\/pt\/ursu-mozambique\/#breadcrumb","itemListElement":[{"@type":"ListItem","position":1,"name":"Home","item":"https:\/\/www.ursu9.es\/news\/"},{"@type":"ListItem","position":2,"name":"URSU Mozambique"}]},{"@type":"WebSite","@id":"https:\/\/www.ursu9.es\/news\/#website","url":"https:\/\/www.ursu9.es\/news\/","name":"URSU - Agua mineral natural - pH9 alcalina y antioxidante","description":"","potentialAction":[{"@type":"SearchAction","target":{"@type":"EntryPoint","urlTemplate":"https:\/\/www.ursu9.es\/news\/?s={search_term_string}"},"query-input":{"@type":"PropertyValueSpecification","valueRequired":true,"valueName":"search_term_string"}}],"inLanguage":"en-US"}]}},"_links":{"self":[{"href":"https:\/\/www.ursu9.es\/news\/wp-json\/wp\/v2\/pages\/1910","targetHints":{"allow":["GET"]}}],"collection":[{"href":"https:\/\/www.ursu9.es\/news\/wp-json\/wp\/v2\/pages"}],"about":[{"href":"https:\/\/www.ursu9.es\/news\/wp-json\/wp\/v2\/types\/page"}],"author":[{"embeddable":true,"href":"https:\/\/www.ursu9.es\/news\/wp-json\/wp\/v2\/users\/2"}],"replies":[{"embeddable":true,"href":"https:\/\/www.ursu9.es\/news\/wp-json\/wp\/v2\/comments?post=1910"}],"version-history":[{"count":44,"href":"https:\/\/www.ursu9.es\/news\/wp-json\/wp\/v2\/pages\/1910\/revisions"}],"predecessor-version":[{"id":1970,"href":"https:\/\/www.ursu9.es\/news\/wp-json\/wp\/v2\/pages\/1910\/revisions\/1970"}],"wp:featuredmedia":[{"embeddable":true,"href":"https:\/\/www.ursu9.es\/news\/wp-json\/wp\/v2\/media\/1971"}],"wp:attachment":[{"href":"https:\/\/www.ursu9.es\/news\/wp-json\/wp\/v2\/media?parent=1910"}],"curies":[{"name":"wp","href":"https:\/\/api.w.org\/{rel}","templated":true}]}}